{"id":998,"date":"2023-07-20T14:04:52","date_gmt":"2023-07-20T12:04:52","guid":{"rendered":"https:\/\/www.plasthill.nl\/de\/?page_id=998"},"modified":"2024-02-07T20:11:59","modified_gmt":"2024-02-07T19:11:59","slug":"geschichte","status":"publish","type":"page","link":"https:\/\/www.plasthill.nl\/de\/geschichte\/","title":{"rendered":"Geschichte"},"content":{"rendered":"<p class=\"hh-block block-paragraph block-paragraph--id-69df32d2acb52\"data-mb=\"small\"><strong>Im Jahr 1959 startete Draka Interfoam mit der Extrusion von Polyethylenbeuteln f\u00fcr die Verpackung der selbst hergestellten Matratzen. Die Produktion von Matratzen war damals das Kerngesch\u00e4ft. Danach wurde das Foliensortiment auf andere Industrieverpackungen ausgeweitet. Einen vollst\u00e4ndigen \u00dcberblick \u00fcber die Entwicklung bis heute haben wir nachstehend f\u00fcr Sie zusammengestellt:<\/strong><\/p>\n\n\n<div class=\"hh-block block-row\"data-mb=\"regular\">\n    <div class=\"block-row__row row block-row__row--preset-2\/3|1\/3 block-row__row--align-stretch\">\n                \n\n<div class=\"hh-block block-column col col--1 col--lg-2\/3\">\n    \n<ul class=\"hh-block block-list block-list--type-unordered\"data-mb=\"small\">\n<li class=\"block-list__item\">\n            \n1959 startete Draka Interfoam mit der Extrusion von Polyethylenbeuteln f\u00fcr die Verpackung der selbst hergestellten Matratzen.\n    <\/li>\n\n\n<li class=\"block-list__item\">\n            \n1959: Das Foliensortiment wird auf andere Industrieverpackungen ausgeweitet.\n    <\/li>\n\n\n<li class=\"block-list__item\">\n            \n1984: Abspaltung der Folienproduktion von der Matratzenproduktion. Management Buy-out des Foliengesch\u00e4fts, das von da an unter dem Namen Plasthill weitergef\u00fchrt wird.\n    <\/li>\n\n\n<li class=\"block-list__item\">\n            \n1987: Plasthill verlagert seinen Standort an die Weerlaan in Hillegom. Verschiedene Investitionen in neue Blasfolienstra\u00dfen und Konfektionsanlagen werden get\u00e4tigt. Schwerpunkt: die Produktion von Industrieverpackungen und Folien f\u00fcr den Gartenbau.\n    <\/li>\n\n\n<li class=\"block-list__item\">\n            \n2000: Plasthill wird Teil der OPACKGROUP.\n    <\/li>\n\n\n<li class=\"block-list__item\">\n            \n2006: Plasthill hat nicht nur seine Position auf dem Markt f\u00fcr Palettenverpackungen und PE-Liner weiter ausgebaut, sondern sich auch zu einem Allround-Hersteller von Industrie- und Transportverpackungen wie Schrumpffolie, Sleeves (mit und ohne Eckverschwei\u00dfung) und Automatenfolie entwickelt.\n    <\/li>\n\n\n<li class=\"block-list__item\">\n            \n2006: Installation eines 3-Schichten-Coextruders und Start der Produktion von hochwertigen mehrschichtigen Folien.\n    <\/li>\n\n\n<li class=\"block-list__item\">\n            \n2009: \u00dcbernahme der Pr\u00e4geaktivit\u00e4ten von Burgers Flexiprint. Von diesem Zeitpunkt an hat sich Plasthill weiter auf die Produktion von hochwertigen technischen Folien spezialisiert. Durch die erfolgreiche Vermarktung von TopEmBoss (Pr\u00e4gefolie) und verwandten Produkten f\u00fcr die Gummi- und Verbundwerkstoffindustrie hat Plasthill seine Position auf diesen M\u00e4rkten weiter ausgebaut.\n    <\/li>\n\n\n<li class=\"block-list__item\">\n            \n2014: Investition in eine neue Pr\u00e4gemaschine. Erweiterung der Kapazit\u00e4t und h\u00f6here Lieferzuverl\u00e4ssigkeit.\n    <\/li>\n\n\n<li class=\"block-list__item\">\n            \n2015: Ausbau des Werks an der Weerlaan mit einer neuen Halle und Installation eines neuen 5-Schichten-Coextruders.\n    <\/li>\n\n\n<li class=\"block-list__item\">\n            \n2020: Erweiterung der Pr\u00e4gekapazit\u00e4t durch eine neue Pr\u00e4gemaschine. Steigerung der Kapazit\u00e4t und der Lieferzuverl\u00e4ssigkeit.\n    <\/li>\n\n\n<li class=\"block-list__item\">\n            \n2020: Inbetriebnahme der Niederlassung Pastoorslaan (30.000&nbsp;m\u00b2). Dieser neue Standort dient als Logistikzentrum. Von hier aus erfolgt die Lagerung und Distribution f\u00fcr alle unsere Kunden. Auf diese Weise kann Plasthill den Kunden noch besser entlasten.\n    <\/li>\n\n<\/ul>\n<\/div>\n\n\n<div class=\"hh-block block-column col col--1 col--lg-1\/3\">\n    \n\n    <div class=\"hh-block block-image\"\n         data-mt=\"none\"         data-mb=\"small\"         data-horizontal-align=\"centered\"\n         data-vertical-align=\"centered\"\n         data-mobile-align=\"centered\">\n\n         \n        <figure class=\"block-image__inner\" style=\"max-width: 1920px\">\n\n            \n            \n            <div class=\"block-image__image-container\">\n\n            \n                <picture class=\"block-image__picture\" draggable=\"false\">\n  <source media=\"(min-width: 414px)\" srcset=\"https:\/\/www.plasthill.nl\/de\/wp-content\/uploads\/2023\/07\/TW_3831-scaled.jpg\" width=\"1920\" height=\"1280\" \/>\n  <source media=\"(min-width: 0px)\" srcset=\"https:\/\/www.plasthill.nl\/de\/wp-content\/uploads\/2023\/07\/TW_3831-360x240.jpg 1x, https:\/\/www.plasthill.nl\/de\/wp-content\/uploads\/2023\/07\/TW_3831-720x480.jpg 2x\" width=\"360\" height=\"240\" \/>\n  <img class=\"block-image__image\" draggable=\"false\" decoding=\"async\" loading=\"lazy\" src=\"https:\/\/www.plasthill.nl\/de\/wp-content\/uploads\/2023\/07\/TW_3831-scaled.jpg\" alt=\"\" width=\"1920\" height=\"1280\" \/>\n<\/picture>\n                                    <div\n                        class=\"block-image__holder block-image__holder--desktop\"\n                        style=\"aspect-ratio: 1920\/1280; max-width: 1920px\">\n                    <\/div>\n                \n                                    <div\n                        class=\"block-image__holder block-image__holder--mobile\"\n                        style=\"aspect-ratio: 360\/240; max-width: 360px\">\n                    <\/div>\n                \n                                \n            <\/div>\n\n                        \n\n            \n            \n            \n            \n        <\/figure>\n\n        \n    <\/div>\n\n\n\n\n\n\n\n\n    <div class=\"hh-block block-image\"\n         data-mt=\"none\"         data-mb=\"small\"         data-horizontal-align=\"centered\"\n         data-vertical-align=\"centered\"\n         data-mobile-align=\"centered\">\n\n         \n        <figure class=\"block-image__inner\" style=\"max-width: 1920px\">\n\n            \n            \n            <div class=\"block-image__image-container\">\n\n            \n                <picture class=\"block-image__picture\" draggable=\"false\">\n  <source media=\"(min-width: 414px)\" srcset=\"https:\/\/www.plasthill.nl\/de\/wp-content\/uploads\/2023\/07\/Pastoorslaan_luchtfoto-1-scaled.jpg\" width=\"1920\" height=\"1280\" \/>\n  <source media=\"(min-width: 0px)\" srcset=\"https:\/\/www.plasthill.nl\/de\/wp-content\/uploads\/2023\/07\/Pastoorslaan_luchtfoto-1-360x240.jpg 1x, https:\/\/www.plasthill.nl\/de\/wp-content\/uploads\/2023\/07\/Pastoorslaan_luchtfoto-1-720x480.jpg 2x\" width=\"360\" height=\"240\" \/>\n  <img class=\"block-image__image\" draggable=\"false\" decoding=\"async\" loading=\"lazy\" src=\"https:\/\/www.plasthill.nl\/de\/wp-content\/uploads\/2023\/07\/Pastoorslaan_luchtfoto-1-scaled.jpg\" alt=\"\" width=\"1920\" height=\"1280\" \/>\n<\/picture>\n                                    <div\n                        class=\"block-image__holder block-image__holder--desktop\"\n                        style=\"aspect-ratio: 1920\/1280; max-width: 1920px\">\n                    <\/div>\n                \n                                    <div\n                        class=\"block-image__holder block-image__holder--mobile\"\n                        style=\"aspect-ratio: 360\/240; max-width: 360px\">\n                    <\/div>\n                \n                                \n            <\/div>\n\n                        \n\n            \n            \n            \n            \n        <\/figure>\n\n        \n    <\/div>\n\n\n<\/div>\n            <\/div>\n<\/div>\n","protected":false},"excerpt":{"rendered":"","protected":false},"author":2,"featured_media":0,"parent":0,"menu_order":22,"comment_status":"closed","ping_status":"closed","template":"","meta":{"_acf_changed":false,"footnotes":""},"class_list":["post-998","page","type-page","status-publish","hentry"],"acf":[],"yoast_head":"<title>Geschichte - Plasthill<\/title>\n<meta name=\"description\" content=\"Erfahren Sie, wie alles 1959 mit PE-T\u00fcten begann. Lesen Sie hier mehr \u00fcber die reiche Geschichte von Plasthill.\" \/>\n<meta name=\"robots\" content=\"index, follow, max-snippet:-1, max-image-preview:large, max-video-preview:-1\" \/>\n<link rel=\"canonical\" href=\"https:\/\/www.plasthill.nl\/de\/geschichte\/\" \/>\n<meta property=\"og:locale\" content=\"de_DE\" \/>\n<meta property=\"og:type\" content=\"article\" \/>\n<meta property=\"og:title\" content=\"Geschichte - Plasthill\" \/>\n<meta property=\"og:description\" content=\"Erfahren Sie, wie alles 1959 mit PE-T\u00fcten begann. Lesen Sie hier mehr \u00fcber die reiche Geschichte von Plasthill.\" \/>\n<meta property=\"og:url\" content=\"https:\/\/www.plasthill.nl\/de\/geschichte\/\" \/>\n<meta property=\"og:site_name\" content=\"Plasthill\" \/>\n<meta property=\"article:modified_time\" content=\"2024-02-07T19:11:59+00:00\" \/>\n<meta name=\"twitter:card\" content=\"summary_large_image\" \/>\n<meta name=\"twitter:label1\" content=\"Gesch\u00e4tzte Lesezeit\" \/>\n\t<meta name=\"twitter:data1\" content=\"2\u00a0Minuten\" \/>\n<script type=\"application\/ld+json\" class=\"yoast-schema-graph\">{\"@context\":\"https:\/\/schema.org\",\"@graph\":[{\"@type\":\"WebPage\",\"@id\":\"https:\/\/www.plasthill.nl\/de\/geschichte\/\",\"url\":\"https:\/\/www.plasthill.nl\/de\/geschichte\/\",\"name\":\"Geschichte - Plasthill\",\"isPartOf\":{\"@id\":\"https:\/\/www.plasthill.nl\/de\/#website\"},\"datePublished\":\"2023-07-20T12:04:52+00:00\",\"dateModified\":\"2024-02-07T19:11:59+00:00\",\"description\":\"Erfahren Sie, wie alles 1959 mit PE-T\u00fcten begann. Lesen Sie hier mehr \u00fcber die reiche Geschichte von Plasthill.\",\"breadcrumb\":{\"@id\":\"https:\/\/www.plasthill.nl\/de\/geschichte\/#breadcrumb\"},\"inLanguage\":\"de\",\"potentialAction\":[{\"@type\":\"ReadAction\",\"target\":[\"https:\/\/www.plasthill.nl\/de\/geschichte\/\"]}]},{\"@type\":\"BreadcrumbList\",\"@id\":\"https:\/\/www.plasthill.nl\/de\/geschichte\/#breadcrumb\",\"itemListElement\":[{\"@type\":\"ListItem\",\"position\":1,\"name\":\"Home\",\"item\":\"https:\/\/www.plasthill.nl\/de\/\"},{\"@type\":\"ListItem\",\"position\":2,\"name\":\"Geschichte\"}]},{\"@type\":\"WebSite\",\"@id\":\"https:\/\/www.plasthill.nl\/de\/#website\",\"url\":\"https:\/\/www.plasthill.nl\/de\/\",\"name\":\"Plasthill\",\"description\":\"The sustainable innovator\",\"potentialAction\":[{\"@type\":\"SearchAction\",\"target\":{\"@type\":\"EntryPoint\",\"urlTemplate\":\"https:\/\/www.plasthill.nl\/de\/?suchanfrage={search_term_string}\"},\"query-input\":{\"@type\":\"PropertyValueSpecification\",\"valueRequired\":true,\"valueName\":\"search_term_string\"}}],\"inLanguage\":\"de\"}]}<\/script>","yoast_head_json":{"title":"Geschichte - Plasthill","description":"Erfahren Sie, wie alles 1959 mit PE-T\u00fcten begann. Lesen Sie hier mehr \u00fcber die reiche Geschichte von Plasthill.","robots":{"index":"index","follow":"follow","max-snippet":"max-snippet:-1","max-image-preview":"max-image-preview:large","max-video-preview":"max-video-preview:-1"},"canonical":"https:\/\/www.plasthill.nl\/de\/geschichte\/","og_locale":"de_DE","og_type":"article","og_title":"Geschichte - Plasthill","og_description":"Erfahren Sie, wie alles 1959 mit PE-T\u00fcten begann. Lesen Sie hier mehr \u00fcber die reiche Geschichte von Plasthill.","og_url":"https:\/\/www.plasthill.nl\/de\/geschichte\/","og_site_name":"Plasthill","article_modified_time":"2024-02-07T19:11:59+00:00","twitter_card":"summary_large_image","twitter_misc":{"Gesch\u00e4tzte Lesezeit":"2\u00a0Minuten"},"schema":{"@context":"https:\/\/schema.org","@graph":[{"@type":"WebPage","@id":"https:\/\/www.plasthill.nl\/de\/geschichte\/","url":"https:\/\/www.plasthill.nl\/de\/geschichte\/","name":"Geschichte - Plasthill","isPartOf":{"@id":"https:\/\/www.plasthill.nl\/de\/#website"},"datePublished":"2023-07-20T12:04:52+00:00","dateModified":"2024-02-07T19:11:59+00:00","description":"Erfahren Sie, wie alles 1959 mit PE-T\u00fcten begann. Lesen Sie hier mehr \u00fcber die reiche Geschichte von Plasthill.","breadcrumb":{"@id":"https:\/\/www.plasthill.nl\/de\/geschichte\/#breadcrumb"},"inLanguage":"de","potentialAction":[{"@type":"ReadAction","target":["https:\/\/www.plasthill.nl\/de\/geschichte\/"]}]},{"@type":"BreadcrumbList","@id":"https:\/\/www.plasthill.nl\/de\/geschichte\/#breadcrumb","itemListElement":[{"@type":"ListItem","position":1,"name":"Home","item":"https:\/\/www.plasthill.nl\/de\/"},{"@type":"ListItem","position":2,"name":"Geschichte"}]},{"@type":"WebSite","@id":"https:\/\/www.plasthill.nl\/de\/#website","url":"https:\/\/www.plasthill.nl\/de\/","name":"Plasthill","description":"The sustainable innovator","potentialAction":[{"@type":"SearchAction","target":{"@type":"EntryPoint","urlTemplate":"https:\/\/www.plasthill.nl\/de\/?suchanfrage={search_term_string}"},"query-input":{"@type":"PropertyValueSpecification","valueRequired":true,"valueName":"search_term_string"}}],"inLanguage":"de"}]}},"_links":{"self":[{"href":"https:\/\/www.plasthill.nl\/de\/wp-json\/wp\/v2\/pages\/998","targetHints":{"allow":["GET"]}}],"collection":[{"href":"https:\/\/www.plasthill.nl\/de\/wp-json\/wp\/v2\/pages"}],"about":[{"href":"https:\/\/www.plasthill.nl\/de\/wp-json\/wp\/v2\/types\/page"}],"author":[{"embeddable":true,"href":"https:\/\/www.plasthill.nl\/de\/wp-json\/wp\/v2\/users\/2"}],"replies":[{"embeddable":true,"href":"https:\/\/www.plasthill.nl\/de\/wp-json\/wp\/v2\/comments?post=998"}],"version-history":[{"count":6,"href":"https:\/\/www.plasthill.nl\/de\/wp-json\/wp\/v2\/pages\/998\/revisions"}],"predecessor-version":[{"id":1593,"href":"https:\/\/www.plasthill.nl\/de\/wp-json\/wp\/v2\/pages\/998\/revisions\/1593"}],"wp:attachment":[{"href":"https:\/\/www.plasthill.nl\/de\/wp-json\/wp\/v2\/media?parent=998"}],"curies":[{"name":"wp","href":"https:\/\/api.w.org\/{rel}","templated":true}]}}