{"id":996,"date":"2023-07-20T14:04:29","date_gmt":"2023-07-20T12:04:29","guid":{"rendered":"https:\/\/www.plasthill.nl\/de\/?page_id=996"},"modified":"2024-03-14T11:06:47","modified_gmt":"2024-03-14T10:06:47","slug":"produktionsmoeglichkeiten","status":"publish","type":"page","link":"https:\/\/www.plasthill.nl\/de\/produktionsmoeglichkeiten\/","title":{"rendered":"Produktionsm\u00f6glichkeiten"},"content":{"rendered":"<p class=\"hh-block block-paragraph block-paragraph--id-6a0998f2f04d3\"data-mb=\"small\">F\u00fcr die Produktion der hochwertigen Folien setzt Plasthill einen modernen und vielf\u00e4ltigen Maschinenpark ein. In jeder Produktionsphase nutzen wir unser Fachwissen und unsere Expertise, um einzigartige Verpackungsl\u00f6sungen zu realisieren:<\/p>\n\n<p class=\"hh-block block-paragraph block-paragraph--id-6a0998f2f05f3\"data-mb=\"small\"><strong>Extrusion<\/strong><strong><br><\/strong>Die Extrusionsm\u00f6glichkeiten bei Plasthill sind sehr vielf\u00e4ltig. Mittels Blasextrusion werden sowohl Mono-Folien als auch 3\u20135-schichtige Coex-Folien hergestellt. Die Extrusionsbreiten reichen von 500&nbsp;mm &nbsp;bis zu 10 Meter. Die St\u00e4rken variieren von 12 M\u00b5 bis 600 M\u00b5.<\/p>\n\n<p class=\"hh-block block-paragraph block-paragraph--id-6a0998f2f06a0\"data-mb=\"small\">Wir k\u00f6nnen Ihre Folie mit hochwertigen Eigenschaften versehen, z.&nbsp;B. mit spezifischen Barrieren, UV-Schutz, flammhemmende und Trenneigenschaften, die f\u00fcr Ihr Produkt erforderlich sind.<\/p>\n\n<p class=\"hh-block block-paragraph block-paragraph--id-6a0998f2f073d\"data-mb=\"small\"><strong>Konfektion<br><\/strong>Bei der Konfektion verarbeiten wir die Folien zu verschiedenen Arten von Beuteln, Zuschnitten und Pr\u00e4gefolien. Dies alles geschieht in einer lebensmittelsicheren Umgebung.&nbsp; Die Maschinen erf\u00fcllen die Qualit\u00e4tsanforderungen u.&nbsp;a. der Lebensmittel-, Pharma- und Luftfahrtindustrie. Die Kombination von modernsten Maschinen mit der langj\u00e4hrigen Erfahrung unserer Mitarbeiterinnen und Mitarbeiter ergibt ein ausgezeichnetes Produkt, das mit gr\u00f6\u00dfter Sorgfalt hergestellt wird.<\/p>\n\n<p class=\"hh-block block-paragraph block-paragraph--id-6a0998f2f07e9\"data-mb=\"small\"><strong>Logistik<\/strong><strong><br><\/strong>Die Logistikabteilung von Plasthill ist bestrebt, Sie als Kunden so weit wie m\u00f6glich zu entlasten. An unserem Logistikstandort erleben Sie die Lagerung unter genau den richtigen Bedingungen und eine effiziente Auftragsabwicklung. So stellen wir sicher, dass Sie die richtige Ware zum richtigen Zeitpunkt erhalten.&nbsp;<\/p>","protected":false},"excerpt":{"rendered":"","protected":false},"author":2,"featured_media":0,"parent":0,"menu_order":16,"comment_status":"closed","ping_status":"closed","template":"","meta":{"_acf_changed":false,"footnotes":""},"class_list":["post-996","page","type-page","status-publish","hentry"],"acf":[],"yoast_head":"<title>Produktionsm\u00f6glichkeiten - Plasthill<\/title>\n<meta name=\"description\" content=\"Die Produktion von Plasthill umfasst verschiedene Abteilungen. Lesen Sie hier mehr \u00fcber die verschiedenen Abteilungen.\" \/>\n<meta name=\"robots\" content=\"index, follow, max-snippet:-1, max-image-preview:large, max-video-preview:-1\" \/>\n<link rel=\"canonical\" href=\"https:\/\/www.plasthill.nl\/de\/produktionsmoeglichkeiten\/\" \/>\n<meta property=\"og:locale\" content=\"de_DE\" \/>\n<meta property=\"og:type\" content=\"article\" \/>\n<meta property=\"og:title\" content=\"Produktionsm\u00f6glichkeiten - Plasthill\" \/>\n<meta property=\"og:description\" content=\"Die Produktion von Plasthill umfasst verschiedene Abteilungen. Lesen Sie hier mehr \u00fcber die verschiedenen Abteilungen.\" \/>\n<meta property=\"og:url\" content=\"https:\/\/www.plasthill.nl\/de\/produktionsmoeglichkeiten\/\" \/>\n<meta property=\"og:site_name\" content=\"Plasthill\" \/>\n<meta property=\"article:modified_time\" content=\"2024-03-14T10:06:47+00:00\" \/>\n<meta name=\"twitter:card\" content=\"summary_large_image\" \/>\n<script type=\"application\/ld+json\" class=\"yoast-schema-graph\">{\"@context\":\"https:\/\/schema.org\",\"@graph\":[{\"@type\":\"WebPage\",\"@id\":\"https:\/\/www.plasthill.nl\/de\/produktionsmoeglichkeiten\/\",\"url\":\"https:\/\/www.plasthill.nl\/de\/produktionsmoeglichkeiten\/\",\"name\":\"Produktionsm\u00f6glichkeiten - Plasthill\",\"isPartOf\":{\"@id\":\"https:\/\/www.plasthill.nl\/de\/#website\"},\"datePublished\":\"2023-07-20T12:04:29+00:00\",\"dateModified\":\"2024-03-14T10:06:47+00:00\",\"description\":\"Die Produktion von Plasthill umfasst verschiedene Abteilungen. Lesen Sie hier mehr \u00fcber die verschiedenen Abteilungen.\",\"breadcrumb\":{\"@id\":\"https:\/\/www.plasthill.nl\/de\/produktionsmoeglichkeiten\/#breadcrumb\"},\"inLanguage\":\"de\",\"potentialAction\":[{\"@type\":\"ReadAction\",\"target\":[\"https:\/\/www.plasthill.nl\/de\/produktionsmoeglichkeiten\/\"]}]},{\"@type\":\"BreadcrumbList\",\"@id\":\"https:\/\/www.plasthill.nl\/de\/produktionsmoeglichkeiten\/#breadcrumb\",\"itemListElement\":[{\"@type\":\"ListItem\",\"position\":1,\"name\":\"Home\",\"item\":\"https:\/\/www.plasthill.nl\/de\/\"},{\"@type\":\"ListItem\",\"position\":2,\"name\":\"Produktionsm\u00f6glichkeiten\"}]},{\"@type\":\"WebSite\",\"@id\":\"https:\/\/www.plasthill.nl\/de\/#website\",\"url\":\"https:\/\/www.plasthill.nl\/de\/\",\"name\":\"Plasthill\",\"description\":\"The sustainable innovator\",\"potentialAction\":[{\"@type\":\"SearchAction\",\"target\":{\"@type\":\"EntryPoint\",\"urlTemplate\":\"https:\/\/www.plasthill.nl\/de\/?suchanfrage={search_term_string}\"},\"query-input\":{\"@type\":\"PropertyValueSpecification\",\"valueRequired\":true,\"valueName\":\"search_term_string\"}}],\"inLanguage\":\"de\"}]}<\/script>","yoast_head_json":{"title":"Produktionsm\u00f6glichkeiten - Plasthill","description":"Die Produktion von Plasthill umfasst verschiedene Abteilungen. Lesen Sie hier mehr \u00fcber die verschiedenen Abteilungen.","robots":{"index":"index","follow":"follow","max-snippet":"max-snippet:-1","max-image-preview":"max-image-preview:large","max-video-preview":"max-video-preview:-1"},"canonical":"https:\/\/www.plasthill.nl\/de\/produktionsmoeglichkeiten\/","og_locale":"de_DE","og_type":"article","og_title":"Produktionsm\u00f6glichkeiten - Plasthill","og_description":"Die Produktion von Plasthill umfasst verschiedene Abteilungen. Lesen Sie hier mehr \u00fcber die verschiedenen Abteilungen.","og_url":"https:\/\/www.plasthill.nl\/de\/produktionsmoeglichkeiten\/","og_site_name":"Plasthill","article_modified_time":"2024-03-14T10:06:47+00:00","twitter_card":"summary_large_image","schema":{"@context":"https:\/\/schema.org","@graph":[{"@type":"WebPage","@id":"https:\/\/www.plasthill.nl\/de\/produktionsmoeglichkeiten\/","url":"https:\/\/www.plasthill.nl\/de\/produktionsmoeglichkeiten\/","name":"Produktionsm\u00f6glichkeiten - Plasthill","isPartOf":{"@id":"https:\/\/www.plasthill.nl\/de\/#website"},"datePublished":"2023-07-20T12:04:29+00:00","dateModified":"2024-03-14T10:06:47+00:00","description":"Die Produktion von Plasthill umfasst verschiedene Abteilungen. Lesen Sie hier mehr \u00fcber die verschiedenen Abteilungen.","breadcrumb":{"@id":"https:\/\/www.plasthill.nl\/de\/produktionsmoeglichkeiten\/#breadcrumb"},"inLanguage":"de","potentialAction":[{"@type":"ReadAction","target":["https:\/\/www.plasthill.nl\/de\/produktionsmoeglichkeiten\/"]}]},{"@type":"BreadcrumbList","@id":"https:\/\/www.plasthill.nl\/de\/produktionsmoeglichkeiten\/#breadcrumb","itemListElement":[{"@type":"ListItem","position":1,"name":"Home","item":"https:\/\/www.plasthill.nl\/de\/"},{"@type":"ListItem","position":2,"name":"Produktionsm\u00f6glichkeiten"}]},{"@type":"WebSite","@id":"https:\/\/www.plasthill.nl\/de\/#website","url":"https:\/\/www.plasthill.nl\/de\/","name":"Plasthill","description":"The sustainable innovator","potentialAction":[{"@type":"SearchAction","target":{"@type":"EntryPoint","urlTemplate":"https:\/\/www.plasthill.nl\/de\/?suchanfrage={search_term_string}"},"query-input":{"@type":"PropertyValueSpecification","valueRequired":true,"valueName":"search_term_string"}}],"inLanguage":"de"}]}},"_links":{"self":[{"href":"https:\/\/www.plasthill.nl\/de\/wp-json\/wp\/v2\/pages\/996","targetHints":{"allow":["GET"]}}],"collection":[{"href":"https:\/\/www.plasthill.nl\/de\/wp-json\/wp\/v2\/pages"}],"about":[{"href":"https:\/\/www.plasthill.nl\/de\/wp-json\/wp\/v2\/types\/page"}],"author":[{"embeddable":true,"href":"https:\/\/www.plasthill.nl\/de\/wp-json\/wp\/v2\/users\/2"}],"replies":[{"embeddable":true,"href":"https:\/\/www.plasthill.nl\/de\/wp-json\/wp\/v2\/comments?post=996"}],"version-history":[{"count":9,"href":"https:\/\/www.plasthill.nl\/de\/wp-json\/wp\/v2\/pages\/996\/revisions"}],"predecessor-version":[{"id":1909,"href":"https:\/\/www.plasthill.nl\/de\/wp-json\/wp\/v2\/pages\/996\/revisions\/1909"}],"wp:attachment":[{"href":"https:\/\/www.plasthill.nl\/de\/wp-json\/wp\/v2\/media?parent=996"}],"curies":[{"name":"wp","href":"https:\/\/api.w.org\/{rel}","templated":true}]}}