{"id":1012,"date":"2023-07-20T14:08:28","date_gmt":"2023-07-20T12:08:28","guid":{"rendered":"https:\/\/www.plasthill.nl\/de\/?page_id=1012"},"modified":"2024-02-07T20:09:25","modified_gmt":"2024-02-07T19:09:25","slug":"logistiek","status":"publish","type":"page","link":"https:\/\/www.plasthill.nl\/de\/logistiek\/","title":{"rendered":"Logistik"},"content":{"rendered":"<p class=\"hh-block block-paragraph block-paragraph--id-69e011d9717a0\"data-mb=\"small\">Die Logistikabteilung von Plasthill hat das Ziel, Sie als Kunden so weit wie m\u00f6glich zu entlasten. An unserem logistischen Standort erleben Sie Lagerung unter den richtigen Bedingungen und eine effiziente Abwicklung von Bestellungen, damit Sie die richtigen Waren zum richtigen Zeitpunkt geliefert bekommen.<\/p>","protected":false},"excerpt":{"rendered":"","protected":false},"author":2,"featured_media":0,"parent":0,"menu_order":18,"comment_status":"closed","ping_status":"closed","template":"","meta":{"_acf_changed":false,"footnotes":""},"class_list":["post-1012","page","type-page","status-publish","hentry"],"acf":[],"yoast_head":"<title>Logistik - Plasthill<\/title>\n<meta name=\"description\" content=\"Neben einer umfassenden Produktion verf\u00fcgt Plasthill auch \u00fcber eine Logistikabteilung. Erfahren Sie hier mehr \u00fcber diese Abteilung und entdecken Sie, was bei der Logistik gemacht wird.\" \/>\n<meta name=\"robots\" content=\"index, follow, max-snippet:-1, max-image-preview:large, max-video-preview:-1\" \/>\n<link rel=\"canonical\" href=\"https:\/\/www.plasthill.nl\/de\/logistiek\/\" \/>\n<meta property=\"og:locale\" content=\"de_DE\" \/>\n<meta property=\"og:type\" content=\"article\" \/>\n<meta property=\"og:title\" content=\"Logistik - Plasthill\" \/>\n<meta property=\"og:description\" content=\"Neben einer umfassenden Produktion verf\u00fcgt Plasthill auch \u00fcber eine Logistikabteilung. Erfahren Sie hier mehr \u00fcber diese Abteilung und entdecken Sie, was bei der Logistik gemacht wird.\" \/>\n<meta property=\"og:url\" content=\"https:\/\/www.plasthill.nl\/de\/logistiek\/\" \/>\n<meta property=\"og:site_name\" content=\"Plasthill\" \/>\n<meta property=\"article:modified_time\" content=\"2024-02-07T19:09:25+00:00\" \/>\n<meta name=\"twitter:card\" content=\"summary_large_image\" \/>\n<meta name=\"twitter:label1\" content=\"Gesch\u00e4tzte Lesezeit\" \/>\n\t<meta name=\"twitter:data1\" content=\"1\u00a0Minute\" \/>\n<script type=\"application\/ld+json\" class=\"yoast-schema-graph\">{\"@context\":\"https:\/\/schema.org\",\"@graph\":[{\"@type\":\"WebPage\",\"@id\":\"https:\/\/www.plasthill.nl\/de\/logistiek\/\",\"url\":\"https:\/\/www.plasthill.nl\/de\/logistiek\/\",\"name\":\"Logistik - Plasthill\",\"isPartOf\":{\"@id\":\"https:\/\/www.plasthill.nl\/de\/#website\"},\"datePublished\":\"2023-07-20T12:08:28+00:00\",\"dateModified\":\"2024-02-07T19:09:25+00:00\",\"description\":\"Neben einer umfassenden Produktion verf\u00fcgt Plasthill auch \u00fcber eine Logistikabteilung. Erfahren Sie hier mehr \u00fcber diese Abteilung und entdecken Sie, was bei der Logistik gemacht wird.\",\"breadcrumb\":{\"@id\":\"https:\/\/www.plasthill.nl\/de\/logistiek\/#breadcrumb\"},\"inLanguage\":\"de\",\"potentialAction\":[{\"@type\":\"ReadAction\",\"target\":[\"https:\/\/www.plasthill.nl\/de\/logistiek\/\"]}]},{\"@type\":\"BreadcrumbList\",\"@id\":\"https:\/\/www.plasthill.nl\/de\/logistiek\/#breadcrumb\",\"itemListElement\":[{\"@type\":\"ListItem\",\"position\":1,\"name\":\"Home\",\"item\":\"https:\/\/www.plasthill.nl\/de\/\"},{\"@type\":\"ListItem\",\"position\":2,\"name\":\"Logistik\"}]},{\"@type\":\"WebSite\",\"@id\":\"https:\/\/www.plasthill.nl\/de\/#website\",\"url\":\"https:\/\/www.plasthill.nl\/de\/\",\"name\":\"Plasthill\",\"description\":\"The sustainable innovator\",\"potentialAction\":[{\"@type\":\"SearchAction\",\"target\":{\"@type\":\"EntryPoint\",\"urlTemplate\":\"https:\/\/www.plasthill.nl\/de\/?suchanfrage={search_term_string}\"},\"query-input\":{\"@type\":\"PropertyValueSpecification\",\"valueRequired\":true,\"valueName\":\"search_term_string\"}}],\"inLanguage\":\"de\"}]}<\/script>","yoast_head_json":{"title":"Logistik - Plasthill","description":"Neben einer umfassenden Produktion verf\u00fcgt Plasthill auch \u00fcber eine Logistikabteilung. Erfahren Sie hier mehr \u00fcber diese Abteilung und entdecken Sie, was bei der Logistik gemacht wird.","robots":{"index":"index","follow":"follow","max-snippet":"max-snippet:-1","max-image-preview":"max-image-preview:large","max-video-preview":"max-video-preview:-1"},"canonical":"https:\/\/www.plasthill.nl\/de\/logistiek\/","og_locale":"de_DE","og_type":"article","og_title":"Logistik - Plasthill","og_description":"Neben einer umfassenden Produktion verf\u00fcgt Plasthill auch \u00fcber eine Logistikabteilung. Erfahren Sie hier mehr \u00fcber diese Abteilung und entdecken Sie, was bei der Logistik gemacht wird.","og_url":"https:\/\/www.plasthill.nl\/de\/logistiek\/","og_site_name":"Plasthill","article_modified_time":"2024-02-07T19:09:25+00:00","twitter_card":"summary_large_image","twitter_misc":{"Gesch\u00e4tzte Lesezeit":"1\u00a0Minute"},"schema":{"@context":"https:\/\/schema.org","@graph":[{"@type":"WebPage","@id":"https:\/\/www.plasthill.nl\/de\/logistiek\/","url":"https:\/\/www.plasthill.nl\/de\/logistiek\/","name":"Logistik - Plasthill","isPartOf":{"@id":"https:\/\/www.plasthill.nl\/de\/#website"},"datePublished":"2023-07-20T12:08:28+00:00","dateModified":"2024-02-07T19:09:25+00:00","description":"Neben einer umfassenden Produktion verf\u00fcgt Plasthill auch \u00fcber eine Logistikabteilung. Erfahren Sie hier mehr \u00fcber diese Abteilung und entdecken Sie, was bei der Logistik gemacht wird.","breadcrumb":{"@id":"https:\/\/www.plasthill.nl\/de\/logistiek\/#breadcrumb"},"inLanguage":"de","potentialAction":[{"@type":"ReadAction","target":["https:\/\/www.plasthill.nl\/de\/logistiek\/"]}]},{"@type":"BreadcrumbList","@id":"https:\/\/www.plasthill.nl\/de\/logistiek\/#breadcrumb","itemListElement":[{"@type":"ListItem","position":1,"name":"Home","item":"https:\/\/www.plasthill.nl\/de\/"},{"@type":"ListItem","position":2,"name":"Logistik"}]},{"@type":"WebSite","@id":"https:\/\/www.plasthill.nl\/de\/#website","url":"https:\/\/www.plasthill.nl\/de\/","name":"Plasthill","description":"The sustainable innovator","potentialAction":[{"@type":"SearchAction","target":{"@type":"EntryPoint","urlTemplate":"https:\/\/www.plasthill.nl\/de\/?suchanfrage={search_term_string}"},"query-input":{"@type":"PropertyValueSpecification","valueRequired":true,"valueName":"search_term_string"}}],"inLanguage":"de"}]}},"_links":{"self":[{"href":"https:\/\/www.plasthill.nl\/de\/wp-json\/wp\/v2\/pages\/1012","targetHints":{"allow":["GET"]}}],"collection":[{"href":"https:\/\/www.plasthill.nl\/de\/wp-json\/wp\/v2\/pages"}],"about":[{"href":"https:\/\/www.plasthill.nl\/de\/wp-json\/wp\/v2\/types\/page"}],"author":[{"embeddable":true,"href":"https:\/\/www.plasthill.nl\/de\/wp-json\/wp\/v2\/users\/2"}],"replies":[{"embeddable":true,"href":"https:\/\/www.plasthill.nl\/de\/wp-json\/wp\/v2\/comments?post=1012"}],"version-history":[{"count":7,"href":"https:\/\/www.plasthill.nl\/de\/wp-json\/wp\/v2\/pages\/1012\/revisions"}],"predecessor-version":[{"id":1590,"href":"https:\/\/www.plasthill.nl\/de\/wp-json\/wp\/v2\/pages\/1012\/revisions\/1590"}],"wp:attachment":[{"href":"https:\/\/www.plasthill.nl\/de\/wp-json\/wp\/v2\/media?parent=1012"}],"curies":[{"name":"wp","href":"https:\/\/api.w.org\/{rel}","templated":true}]}}