{"id":1010,"date":"2023-07-20T14:08:03","date_gmt":"2023-07-20T12:08:03","guid":{"rendered":"https:\/\/www.plasthill.nl\/de\/?page_id=1010"},"modified":"2024-02-07T20:07:28","modified_gmt":"2024-02-07T19:07:28","slug":"konfektion","status":"publish","type":"page","link":"https:\/\/www.plasthill.nl\/de\/konfektion\/","title":{"rendered":"Konfektion"},"content":{"rendered":"<p class=\"hh-block block-paragraph block-paragraph--id-69fa8b7066523\"data-mb=\"small\">Bei der Konfektionierung verarbeiten wir Folien zu verschiedenen Arten von Taschen, Bl\u00e4ttern und Pr\u00e4gefolien. Dies geschieht alles in einer lebensmittelsicheren Umgebung. Die Maschinen erf\u00fcllen die Qualit\u00e4tsanforderungen f\u00fcr Branchen wie Lebensmittel, Pharmazie und Luftfahrt. Die Kombination aus hochmodernen Maschinen und langj\u00e4hriger Erfahrung unserer Mitarbeiter f\u00fchrt zu einem ausgezeichneten Produkt, das mit gr\u00f6\u00dfter Sorgfalt hergestellt wurde.<\/p>","protected":false},"excerpt":{"rendered":"","protected":false},"author":2,"featured_media":0,"parent":0,"menu_order":17,"comment_status":"closed","ping_status":"closed","template":"","meta":{"_acf_changed":false,"footnotes":""},"class_list":["post-1010","page","type-page","status-publish","hentry"],"acf":[],"yoast_head":"<title>Konfektion - Plasthill<\/title>\n<meta name=\"description\" content=\"Die Produktion bei Plasthill umfasst unter anderem die Konfektionierung. Erfahren Sie hier mehr \u00fcber diese Abteilung und entdecken Sie, was bei der Konfektionierung geschieht.\" \/>\n<meta name=\"robots\" content=\"index, follow, max-snippet:-1, max-image-preview:large, max-video-preview:-1\" \/>\n<link rel=\"canonical\" href=\"https:\/\/www.plasthill.nl\/de\/konfektion\/\" \/>\n<meta property=\"og:locale\" content=\"de_DE\" \/>\n<meta property=\"og:type\" content=\"article\" \/>\n<meta property=\"og:title\" content=\"Konfektion - Plasthill\" \/>\n<meta property=\"og:description\" content=\"Die Produktion bei Plasthill umfasst unter anderem die Konfektionierung. Erfahren Sie hier mehr \u00fcber diese Abteilung und entdecken Sie, was bei der Konfektionierung geschieht.\" \/>\n<meta property=\"og:url\" content=\"https:\/\/www.plasthill.nl\/de\/konfektion\/\" \/>\n<meta property=\"og:site_name\" content=\"Plasthill\" \/>\n<meta property=\"article:modified_time\" content=\"2024-02-07T19:07:28+00:00\" \/>\n<meta name=\"twitter:card\" content=\"summary_large_image\" \/>\n<meta name=\"twitter:label1\" content=\"Gesch\u00e4tzte Lesezeit\" \/>\n\t<meta name=\"twitter:data1\" content=\"1\u00a0Minute\" \/>\n<script type=\"application\/ld+json\" class=\"yoast-schema-graph\">{\"@context\":\"https:\/\/schema.org\",\"@graph\":[{\"@type\":\"WebPage\",\"@id\":\"https:\/\/www.plasthill.nl\/de\/konfektion\/\",\"url\":\"https:\/\/www.plasthill.nl\/de\/konfektion\/\",\"name\":\"Konfektion - Plasthill\",\"isPartOf\":{\"@id\":\"https:\/\/www.plasthill.nl\/de\/#website\"},\"datePublished\":\"2023-07-20T12:08:03+00:00\",\"dateModified\":\"2024-02-07T19:07:28+00:00\",\"description\":\"Die Produktion bei Plasthill umfasst unter anderem die Konfektionierung. Erfahren Sie hier mehr \u00fcber diese Abteilung und entdecken Sie, was bei der Konfektionierung geschieht.\",\"breadcrumb\":{\"@id\":\"https:\/\/www.plasthill.nl\/de\/konfektion\/#breadcrumb\"},\"inLanguage\":\"de\",\"potentialAction\":[{\"@type\":\"ReadAction\",\"target\":[\"https:\/\/www.plasthill.nl\/de\/konfektion\/\"]}]},{\"@type\":\"BreadcrumbList\",\"@id\":\"https:\/\/www.plasthill.nl\/de\/konfektion\/#breadcrumb\",\"itemListElement\":[{\"@type\":\"ListItem\",\"position\":1,\"name\":\"Home\",\"item\":\"https:\/\/www.plasthill.nl\/de\/\"},{\"@type\":\"ListItem\",\"position\":2,\"name\":\"Konfektion\"}]},{\"@type\":\"WebSite\",\"@id\":\"https:\/\/www.plasthill.nl\/de\/#website\",\"url\":\"https:\/\/www.plasthill.nl\/de\/\",\"name\":\"Plasthill\",\"description\":\"The sustainable innovator\",\"potentialAction\":[{\"@type\":\"SearchAction\",\"target\":{\"@type\":\"EntryPoint\",\"urlTemplate\":\"https:\/\/www.plasthill.nl\/de\/?suchanfrage={search_term_string}\"},\"query-input\":{\"@type\":\"PropertyValueSpecification\",\"valueRequired\":true,\"valueName\":\"search_term_string\"}}],\"inLanguage\":\"de\"}]}<\/script>","yoast_head_json":{"title":"Konfektion - Plasthill","description":"Die Produktion bei Plasthill umfasst unter anderem die Konfektionierung. Erfahren Sie hier mehr \u00fcber diese Abteilung und entdecken Sie, was bei der Konfektionierung geschieht.","robots":{"index":"index","follow":"follow","max-snippet":"max-snippet:-1","max-image-preview":"max-image-preview:large","max-video-preview":"max-video-preview:-1"},"canonical":"https:\/\/www.plasthill.nl\/de\/konfektion\/","og_locale":"de_DE","og_type":"article","og_title":"Konfektion - Plasthill","og_description":"Die Produktion bei Plasthill umfasst unter anderem die Konfektionierung. Erfahren Sie hier mehr \u00fcber diese Abteilung und entdecken Sie, was bei der Konfektionierung geschieht.","og_url":"https:\/\/www.plasthill.nl\/de\/konfektion\/","og_site_name":"Plasthill","article_modified_time":"2024-02-07T19:07:28+00:00","twitter_card":"summary_large_image","twitter_misc":{"Gesch\u00e4tzte Lesezeit":"1\u00a0Minute"},"schema":{"@context":"https:\/\/schema.org","@graph":[{"@type":"WebPage","@id":"https:\/\/www.plasthill.nl\/de\/konfektion\/","url":"https:\/\/www.plasthill.nl\/de\/konfektion\/","name":"Konfektion - Plasthill","isPartOf":{"@id":"https:\/\/www.plasthill.nl\/de\/#website"},"datePublished":"2023-07-20T12:08:03+00:00","dateModified":"2024-02-07T19:07:28+00:00","description":"Die Produktion bei Plasthill umfasst unter anderem die Konfektionierung. Erfahren Sie hier mehr \u00fcber diese Abteilung und entdecken Sie, was bei der Konfektionierung geschieht.","breadcrumb":{"@id":"https:\/\/www.plasthill.nl\/de\/konfektion\/#breadcrumb"},"inLanguage":"de","potentialAction":[{"@type":"ReadAction","target":["https:\/\/www.plasthill.nl\/de\/konfektion\/"]}]},{"@type":"BreadcrumbList","@id":"https:\/\/www.plasthill.nl\/de\/konfektion\/#breadcrumb","itemListElement":[{"@type":"ListItem","position":1,"name":"Home","item":"https:\/\/www.plasthill.nl\/de\/"},{"@type":"ListItem","position":2,"name":"Konfektion"}]},{"@type":"WebSite","@id":"https:\/\/www.plasthill.nl\/de\/#website","url":"https:\/\/www.plasthill.nl\/de\/","name":"Plasthill","description":"The sustainable innovator","potentialAction":[{"@type":"SearchAction","target":{"@type":"EntryPoint","urlTemplate":"https:\/\/www.plasthill.nl\/de\/?suchanfrage={search_term_string}"},"query-input":{"@type":"PropertyValueSpecification","valueRequired":true,"valueName":"search_term_string"}}],"inLanguage":"de"}]}},"_links":{"self":[{"href":"https:\/\/www.plasthill.nl\/de\/wp-json\/wp\/v2\/pages\/1010","targetHints":{"allow":["GET"]}}],"collection":[{"href":"https:\/\/www.plasthill.nl\/de\/wp-json\/wp\/v2\/pages"}],"about":[{"href":"https:\/\/www.plasthill.nl\/de\/wp-json\/wp\/v2\/types\/page"}],"author":[{"embeddable":true,"href":"https:\/\/www.plasthill.nl\/de\/wp-json\/wp\/v2\/users\/2"}],"replies":[{"embeddable":true,"href":"https:\/\/www.plasthill.nl\/de\/wp-json\/wp\/v2\/comments?post=1010"}],"version-history":[{"count":8,"href":"https:\/\/www.plasthill.nl\/de\/wp-json\/wp\/v2\/pages\/1010\/revisions"}],"predecessor-version":[{"id":1587,"href":"https:\/\/www.plasthill.nl\/de\/wp-json\/wp\/v2\/pages\/1010\/revisions\/1587"}],"wp:attachment":[{"href":"https:\/\/www.plasthill.nl\/de\/wp-json\/wp\/v2\/media?parent=1010"}],"curies":[{"name":"wp","href":"https:\/\/api.w.org\/{rel}","templated":true}]}}